{"id":858,"date":"2018-04-02T12:01:46","date_gmt":"2018-04-02T10:01:46","guid":{"rendered":"http:\/\/movigo.fr\/?page_id=858"},"modified":"2020-06-28T10:48:33","modified_gmt":"2020-06-28T08:48:33","slug":"prestations-esd","status":"publish","type":"page","link":"https:\/\/movigo.fr\/index.php\/notre-offre-sur-la-prevention-et-la-maitrise-des-esd\/prestations-esd\/","title":{"rendered":"Prestations ESD"},"content":{"rendered":"<p><a href=\"https:\/\/movigo.fr\/wp-content\/uploads\/2020\/06\/EPA.jpeg\"><img loading=\"lazy\" decoding=\"async\" class=\"aligncenter size-full wp-image-1110\" src=\"https:\/\/movigo.fr\/wp-content\/uploads\/2020\/06\/EPA.jpeg\" alt=\"Zone prot\u00e9g\u00e9e\" width=\"805\" height=\"400\" srcset=\"https:\/\/movigo.fr\/wp-content\/uploads\/2020\/06\/EPA.jpeg 805w, https:\/\/movigo.fr\/wp-content\/uploads\/2020\/06\/EPA-300x149.jpeg 300w, https:\/\/movigo.fr\/wp-content\/uploads\/2020\/06\/EPA-768x382.jpeg 768w\" sizes=\"auto, (max-width: 805px) 100vw, 805px\" \/><\/a><\/p>\n<p>Vous n&rsquo;avez pas toujours le temps, ni les ressources n\u00e9cessaires \u00a0pour r\u00e9aliser certaines t\u00e2ches.<\/p>\n<h1><span style=\"color: #212492;\"><strong>Pour vous aider, nous vous proposons :<\/strong><\/span><\/h1>\n<h2><span style=\"color: #ff6600;\"><strong>Des diagnostics<\/strong><\/span><\/h2>\n<ul>\n<li>De vos postes de travail, d&rsquo;une zone pr\u00e9cise\u00a0,ou d&rsquo;une probl\u00e9matique, par rapport aux risque dus aux ESD<\/li>\n<\/ul>\n<p>Nous vous remettons un compte-rendu d\u00e9taill\u00e9 avec des photos et des recommandations d&rsquo;am\u00e9lioration.<\/p>\n<h2><span style=\"color: #ff6600;\"><strong>Un accompagnement<\/strong><\/span><\/h2>\n<ul>\n<li>R\u00e9daction (ou aide \u00e0 la r\u00e9daction) \u00a0du Plan de pr\u00e9vention &amp; de Ma\u00eetrise des ESD selon la norme IEC61340-5-1\/5-2, d\u00e9ploiement des moyens&#8230;<\/li>\n<li>Conseil sur le choix de mat\u00e9riel ou de solutions techniques; nous sommes ind\u00e9pendants de tout fabricant<\/li>\n<\/ul>\n<p>Vous souhaitez plus d\u2019informations, laissez nous un message dans notre page <a href=\"http:\/\/movigo.fr\/index.php\/contact\/\">contact<\/a>.<\/p>\n","protected":false},"excerpt":{"rendered":"<p>Vous n&rsquo;avez pas toujours le temps, ni les ressources n\u00e9cessaires \u00a0pour r\u00e9aliser certaines t\u00e2ches. Pour vous aider, nous vous proposons : Des diagnostics De vos postes de travail, d&rsquo;une zone pr\u00e9cise\u00a0,ou d&rsquo;une probl\u00e9matique, par rapport aux risque dus aux ESD Nous vous remettons un compte-rendu d\u00e9taill\u00e9 avec des photos et des recommandations d&rsquo;am\u00e9lioration. Un accompagnement <a class=\"more-link\" href=\"https:\/\/movigo.fr\/index.php\/notre-offre-sur-la-prevention-et-la-maitrise-des-esd\/prestations-esd\/\">Lire plus &#8230;<\/a><\/p>\n","protected":false},"author":1,"featured_media":0,"parent":774,"menu_order":0,"comment_status":"closed","ping_status":"closed","template":"","meta":{"_monsterinsights_skip_tracking":false,"_monsterinsights_sitenote_active":false,"_monsterinsights_sitenote_note":"","_monsterinsights_sitenote_category":0,"footnotes":""},"class_list":["post-858","page","type-page","status-publish","hentry"],"aioseo_notices":[],"_links":{"self":[{"href":"https:\/\/movigo.fr\/index.php\/wp-json\/wp\/v2\/pages\/858","targetHints":{"allow":["GET"]}}],"collection":[{"href":"https:\/\/movigo.fr\/index.php\/wp-json\/wp\/v2\/pages"}],"about":[{"href":"https:\/\/movigo.fr\/index.php\/wp-json\/wp\/v2\/types\/page"}],"author":[{"embeddable":true,"href":"https:\/\/movigo.fr\/index.php\/wp-json\/wp\/v2\/users\/1"}],"replies":[{"embeddable":true,"href":"https:\/\/movigo.fr\/index.php\/wp-json\/wp\/v2\/comments?post=858"}],"version-history":[{"count":10,"href":"https:\/\/movigo.fr\/index.php\/wp-json\/wp\/v2\/pages\/858\/revisions"}],"predecessor-version":[{"id":1111,"href":"https:\/\/movigo.fr\/index.php\/wp-json\/wp\/v2\/pages\/858\/revisions\/1111"}],"up":[{"embeddable":true,"href":"https:\/\/movigo.fr\/index.php\/wp-json\/wp\/v2\/pages\/774"}],"wp:attachment":[{"href":"https:\/\/movigo.fr\/index.php\/wp-json\/wp\/v2\/media?parent=858"}],"curies":[{"name":"wp","href":"https:\/\/api.w.org\/{rel}","templated":true}]}}