{"id":83,"date":"2016-11-02T17:31:12","date_gmt":"2016-11-02T16:31:12","guid":{"rendered":"http:\/\/movigo.fr\/?page_id=83"},"modified":"2022-11-01T14:52:17","modified_gmt":"2022-11-01T13:52:17","slug":"prestations","status":"publish","type":"page","link":"https:\/\/movigo.fr\/index.php\/notre-offre-sur-le-brasage-manuel\/prestations\/","title":{"rendered":"Prestations brasage"},"content":{"rendered":"<p><a href=\"https:\/\/movigo.fr\/wp-content\/uploads\/2020\/06\/brucelles-chips.Web2_.jpeg\"><img loading=\"lazy\" decoding=\"async\" class=\"aligncenter size-full wp-image-1086\" src=\"https:\/\/movigo.fr\/wp-content\/uploads\/2020\/06\/brucelles-chips.Web2_.jpeg\" alt=\"Brucelles chauffantes\" width=\"762\" height=\"407\" srcset=\"https:\/\/movigo.fr\/wp-content\/uploads\/2020\/06\/brucelles-chips.Web2_.jpeg 762w, https:\/\/movigo.fr\/wp-content\/uploads\/2020\/06\/brucelles-chips.Web2_-300x160.jpeg 300w\" sizes=\"auto, (max-width: 762px) 100vw, 762px\" \/><\/a><\/p>\n<p>Vous n&rsquo;avez pas toujours le temps, ni les ressources n\u00e9cessaires \u00a0pour r\u00e9aliser certaines t\u00e2ches.<\/p>\n<h1><span style=\"color: #212492;\">Pour vous aider, nous vous proposons :<\/span><\/h1>\n<h2><span style=\"color: #ff6600;\">Des diagnostics<\/span><\/h2>\n<ul>\n<li>De vos postes de travail sur le brasage manuel (temp\u00e9ratures de brasage, choix de pannes, \u00e9tat du mat\u00e9riel, process&#8230;)<\/li>\n<li>Contr\u00f4le de temp\u00e9rature en bout de panne pour les stations Weller\u00ae, et recalibration si besoin<\/li>\n<\/ul>\n<p>Nous vous remettons un compte-rendu d\u00e9taill\u00e9 avec des photos et des recommandations d&rsquo;am\u00e9lioration.<\/p>\n<h2><span style=\"color: #ff6600;\">Un accompagnement<\/span><\/h2>\n<ul>\n<li>Mise en place de la norme IPC-A-610 : r\u00e9daction de fiches de proc\u00e9dures, simplification du contr\u00f4le visuel&#8230;<\/li>\n<li>Conseil sur le choix de mat\u00e9riel ou de solutions techniques<\/li>\n<\/ul>\n<p>Vous souhaitez plus d\u2019informations, laissez-nous un message dans notre page <a href=\"http:\/\/movigo.fr\/index.php\/contact\/\" target=\"_blank\" rel=\"noopener noreferrer\">contact<\/a>.<\/p>\n","protected":false},"excerpt":{"rendered":"<p>Vous n&rsquo;avez pas toujours le temps, ni les ressources n\u00e9cessaires \u00a0pour r\u00e9aliser certaines t\u00e2ches. Pour vous aider, nous vous proposons : Des diagnostics De vos postes de travail sur le brasage manuel (temp\u00e9ratures de brasage, choix de pannes, \u00e9tat du mat\u00e9riel, process&#8230;) Contr\u00f4le de temp\u00e9rature en bout de panne pour les stations Weller\u00ae, et recalibration <a class=\"more-link\" href=\"https:\/\/movigo.fr\/index.php\/notre-offre-sur-le-brasage-manuel\/prestations\/\">Lire plus &#8230;<\/a><\/p>\n","protected":false},"author":1,"featured_media":0,"parent":769,"menu_order":3,"comment_status":"closed","ping_status":"closed","template":"","meta":{"_monsterinsights_skip_tracking":false,"_monsterinsights_sitenote_active":false,"_monsterinsights_sitenote_note":"","_monsterinsights_sitenote_category":0,"footnotes":""},"class_list":["post-83","page","type-page","status-publish","hentry"],"aioseo_notices":[],"_links":{"self":[{"href":"https:\/\/movigo.fr\/index.php\/wp-json\/wp\/v2\/pages\/83","targetHints":{"allow":["GET"]}}],"collection":[{"href":"https:\/\/movigo.fr\/index.php\/wp-json\/wp\/v2\/pages"}],"about":[{"href":"https:\/\/movigo.fr\/index.php\/wp-json\/wp\/v2\/types\/page"}],"author":[{"embeddable":true,"href":"https:\/\/movigo.fr\/index.php\/wp-json\/wp\/v2\/users\/1"}],"replies":[{"embeddable":true,"href":"https:\/\/movigo.fr\/index.php\/wp-json\/wp\/v2\/comments?post=83"}],"version-history":[{"count":30,"href":"https:\/\/movigo.fr\/index.php\/wp-json\/wp\/v2\/pages\/83\/revisions"}],"predecessor-version":[{"id":1155,"href":"https:\/\/movigo.fr\/index.php\/wp-json\/wp\/v2\/pages\/83\/revisions\/1155"}],"up":[{"embeddable":true,"href":"https:\/\/movigo.fr\/index.php\/wp-json\/wp\/v2\/pages\/769"}],"wp:attachment":[{"href":"https:\/\/movigo.fr\/index.php\/wp-json\/wp\/v2\/media?parent=83"}],"curies":[{"name":"wp","href":"https:\/\/api.w.org\/{rel}","templated":true}]}}