{"id":71,"date":"2016-11-02T17:04:16","date_gmt":"2016-11-02T16:04:16","guid":{"rendered":"http:\/\/movigo.fr\/?page_id=71"},"modified":"2020-06-27T11:37:40","modified_gmt":"2020-06-27T09:37:40","slug":"formations","status":"publish","type":"page","link":"https:\/\/movigo.fr\/index.php\/formations\/","title":{"rendered":"Formations"},"content":{"rendered":"<h1>\u00a0<img loading=\"lazy\" decoding=\"async\" class=\"aligncenter wp-image-1029 size-full\" src=\"https:\/\/movigo.fr\/wp-content\/uploads\/2020\/06\/formations_Web1.jpeg\" alt=\"\" width=\"700\" height=\"366\" srcset=\"https:\/\/movigo.fr\/wp-content\/uploads\/2020\/06\/formations_Web1.jpeg 700w, https:\/\/movigo.fr\/wp-content\/uploads\/2020\/06\/formations_Web1-300x157.jpeg 300w\" sizes=\"auto, (max-width: 700px) 100vw, 700px\" \/><\/h1>\n<blockquote><p>Tu me dis, j&rsquo;oublie.<br \/>\nTu m&rsquo;enseignes, je me souviens.<br \/>\nTu m&rsquo;impliques, j&rsquo;apprends.<\/p><\/blockquote>\n<p><em>Benjamin Franklin<\/em><\/p>\n<p>Nous vous proposons des formations certifi\u00e9es IPC et des formations personnalis\u00e9es (contenu, dur\u00e9e&#8230;) sur les ESD et le brasage manuel, selon vos attentes.<\/p>\n<p>Nous proposons des stages intra-entreprise ou inter-entreprises avec notre partenaire <a href=\"http:\/\/www.cepelec.com\" target=\"_blank\" rel=\"noopener noreferrer\">Cepelec<\/a>.<\/p>\n<hr \/>\n<h1><strong><span style=\"color: #212492;\">Formation et certification de sp\u00e9cialiste IPC-A-610 (CIS)<\/span><\/strong><\/h1>\n<p><img loading=\"lazy\" decoding=\"async\" class=\"alignright wp-image-126\" src=\"http:\/\/movigo.fr\/wp-content\/uploads\/2016\/11\/IPC_logo_610certSpe_2c-small.gif\" alt=\"\" width=\"172\" height=\"78\" \/><\/p>\n<ul>\n<li>Module 1 \u2013 Introduction \u2013 r\u00e8gles et proc\u00e9dures professionnelles IPC<\/li>\n<li>Module 2 &#8211; Avant-propos, documents applicables &amp; manipulation<\/li>\n<li>Module 3 &#8211; Installation des accessoires<\/li>\n<li>Module 4 &#8211; Crit\u00e8res brasures (haute tension incluse)<\/li>\n<li>Module 5 \u2013 Connexions \u00e0 borne (installation et brasage)<\/li>\n<li>Module 6 \u2013 Crit\u00e8res pour la technologie avec trous traversants<\/li>\n<li>Module 7 \u2013 Crit\u00e8res pour la technologie des composants mont\u00e9s en surface<\/li>\n<li>Module 8 \u2013 Dommages aux composants, circuits imprim\u00e9s et assemblages<\/li>\n<li>Module 9 \u2013 Connexions enroul\u00e9es sans brasure<\/li>\n<\/ul>\n<p>Dur\u00e9e 25 heures en 3 jours et 1\/2.<\/p>\n<p>Test sous forme de QCM pour chaque module, au total 100 questions \u00e0 livre ouvert<\/p>\n<p>Objectif 70% de bonnes r\u00e9ponses pour chacun des modules pour l\u2019obtention du certificat ; les modules 1 &amp; 2 sont obligatoires.<\/p>\n<p>Un certificat nominatif est d\u00e9livr\u00e9 apr\u00e8s le test d\u2019aptitude (validit\u00e9 du certificat = 2 ans) Certificat de Sp\u00e9cialiste IPC-A-610.<\/p>\n<hr \/>\n<h1><span style=\"color: #212492;\"><strong>Brasage manuel<\/strong><\/span><\/h1>\n<ul>\n<li>Initiations aux composants \u00e9lectroniques et leurs bo\u00eetiers &#8211; dur\u00e9e 2h30<\/li>\n<li>Brasage manuel des composants traditionnels et CMS selon la norme IPC-A-610 &#8211; dur\u00e9e 1 journ\u00e9e<\/li>\n<li>Brasage manuel des fils, c\u00e2bles et bornes selon la norme IPC-A-620 &#8211; dur\u00e9e 1 journ\u00e9e<\/li>\n<li>Techniques de brasage et de retouche selon la norme IPC-7711\/7721<\/li>\n<\/ul>\n<hr \/>\n<h1><span style=\"color: #212492;\"><strong>Contr\u00f4le visuel selon la norme IPC-A-610<\/strong><\/span><\/h1>\n<ul>\n<li>Dur\u00e9es de 1\/2 journ\u00e9e \u00e0 1 journ\u00e9e selon les th\u00e8mes abord\u00e9s<\/li>\n<\/ul>\n<hr \/>\n<h1><span style=\"color: #212492;\"><strong>ESD<\/strong><\/span><\/h1>\n<p>Ma\u00eetrise et Pr\u00e9vention des risques dus aux d\u00e9charges \u00e9lectrostatiques (ESD) selon la norme<br \/>\nIEC 61340-5-1\/5.2<\/p>\n<h2><span style=\"color: #ff6600;\">Niveau op\u00e9rateurs<\/span><\/h2>\n<ul>\n<li>Sensibilisation &#8211; dur\u00e9e 1h45<\/li>\n<li>Pr\u00e9vention et Ma\u00eetrise des ESD &#8211; th\u00e9orique &#8211; dur\u00e9e 3h30<\/li>\n<li>Pr\u00e9vention et Ma\u00eetrise des ESD &#8211; th\u00e9orique et pratique sur les postes de travail &#8211; dur\u00e9e 6h00<\/li>\n<\/ul>\n<h2><span style=\"color: #ff6600;\">Niveau techniciens, ing\u00e9nieurs et encadrement<\/span><\/h2>\n<ul>\n<li>Pr\u00e9vention et Ma\u00eetrise des ESD &#8211; th\u00e9orique &#8211; dur\u00e9e 4h00<\/li>\n<li>Pr\u00e9vention et Ma\u00eetrise des ESD &#8211; th\u00e9orique + pratique sur site &#8211; dur\u00e9e 7h00<\/li>\n<\/ul>\n<h2><span style=\"color: #ff6600;\">Niveau coordinateur, r\u00e9f\u00e9rent ESD<\/span><\/h2>\n<ul>\n<li>Pr\u00e9vention et Ma\u00eetrise des ESD &#8211; th\u00e9orique + pratique sur site &#8211; dur\u00e9e 14h00<\/li>\n<\/ul>\n<p>Vous souhaitez plus d\u2019informations, laissez nous un message dans notre page <a href=\"http:\/\/movigo.fr\/index.php\/contact\/\" target=\"_blank\" rel=\"noopener noreferrer\">contact<\/a>.<\/p>\n","protected":false},"excerpt":{"rendered":"<p>\u00a0 Tu me dis, j&rsquo;oublie. Tu m&rsquo;enseignes, je me souviens. Tu m&rsquo;impliques, j&rsquo;apprends. Benjamin Franklin Nous vous proposons des formations certifi\u00e9es IPC et des formations personnalis\u00e9es (contenu, dur\u00e9e&#8230;) sur les ESD et le brasage manuel, selon vos attentes. Nous proposons des stages intra-entreprise ou inter-entreprises avec notre partenaire Cepelec. Formation et certification de sp\u00e9cialiste IPC-A-610 <a class=\"more-link\" href=\"https:\/\/movigo.fr\/index.php\/formations\/\">Lire plus &#8230;<\/a><\/p>\n","protected":false},"author":1,"featured_media":0,"parent":0,"menu_order":2,"comment_status":"closed","ping_status":"closed","template":"","meta":{"_monsterinsights_skip_tracking":false,"_monsterinsights_sitenote_active":false,"_monsterinsights_sitenote_note":"","_monsterinsights_sitenote_category":0,"footnotes":""},"class_list":["post-71","page","type-page","status-publish","hentry"],"aioseo_notices":[],"_links":{"self":[{"href":"https:\/\/movigo.fr\/index.php\/wp-json\/wp\/v2\/pages\/71","targetHints":{"allow":["GET"]}}],"collection":[{"href":"https:\/\/movigo.fr\/index.php\/wp-json\/wp\/v2\/pages"}],"about":[{"href":"https:\/\/movigo.fr\/index.php\/wp-json\/wp\/v2\/types\/page"}],"author":[{"embeddable":true,"href":"https:\/\/movigo.fr\/index.php\/wp-json\/wp\/v2\/users\/1"}],"replies":[{"embeddable":true,"href":"https:\/\/movigo.fr\/index.php\/wp-json\/wp\/v2\/comments?post=71"}],"version-history":[{"count":52,"href":"https:\/\/movigo.fr\/index.php\/wp-json\/wp\/v2\/pages\/71\/revisions"}],"predecessor-version":[{"id":1058,"href":"https:\/\/movigo.fr\/index.php\/wp-json\/wp\/v2\/pages\/71\/revisions\/1058"}],"wp:attachment":[{"href":"https:\/\/movigo.fr\/index.php\/wp-json\/wp\/v2\/media?parent=71"}],"curies":[{"name":"wp","href":"https:\/\/api.w.org\/{rel}","templated":true}]}}