{"id":321,"date":"2017-04-29T15:55:35","date_gmt":"2017-04-29T13:55:35","guid":{"rendered":"http:\/\/movigo.fr\/?page_id=321"},"modified":"2020-06-27T17:37:07","modified_gmt":"2020-06-27T15:37:07","slug":"pedagogie","status":"publish","type":"page","link":"https:\/\/movigo.fr\/index.php\/formations\/pedagogie\/","title":{"rendered":"P\u00e9dagogie"},"content":{"rendered":"<h1><span style=\"color: #212492;\">Personnalisation<\/span><\/h1>\n<p>Nos formations sont personnalis\u00e9es en fonction de vos attentes (dur\u00e9e et contenu) et de vos contraintes. Pour cela, nous organisons avec vous un entretien t\u00e9l\u00e9phonique ou une visite sur place pour d\u00e9finir le contenu de la formation, voir les outils que vous utilisez (brasage manuel), voir les produits que vous r\u00e9alisez et les conditions de r\u00e9alisation.<\/p>\n<h1><span style=\"color: #212492;\">Pratique<\/span><\/h1>\n<p>Selon les modules de formation, une partie pratique est int\u00e9gr\u00e9e, si possible sur vos produits. Nous pouvons fournir des kits p\u00e9dagogiques pour le brasage manuel.<\/p>\n<p><img loading=\"lazy\" decoding=\"async\" class=\"aligncenter wp-image-1048 size-medium\" src=\"https:\/\/movigo.fr\/wp-content\/uploads\/2020\/06\/pcb_etude_CMS-220x300.png\" alt=\"PCB\" width=\"220\" height=\"300\" srcset=\"https:\/\/movigo.fr\/wp-content\/uploads\/2020\/06\/pcb_etude_CMS-220x300.png 220w, https:\/\/movigo.fr\/wp-content\/uploads\/2020\/06\/pcb_etude_CMS.png 288w\" sizes=\"auto, (max-width: 220px) 100vw, 220px\" \/><\/p>\n<h1><span style=\"color: #212492;\">Tests sur tablettes num\u00e9riques 10&Prime;<\/span><\/h1>\n<p>Pour la th\u00e9orie, nous proposons des tests sur tablettes num\u00e9riques de 10&Prime;; nous faisons une \u00e9valuation des comp\u00e9tences avant et apr\u00e8s la formation pour mesurer la progression et pouvoir apporter si besoin des informations compl\u00e9mentaires. Ces tests sont compl\u00e8tement personnalisables. Les r\u00e9sultats des tests sont imm\u00e9diats.<\/p>\n<p>Les \u00e9valuations \u00e0 chaud se font \u00e9galement sur les tablettes num\u00e9riques.<\/p>\n<p>Nous utilisons un syst\u00e8me d\u00e9velopp\u00e9 par la soci\u00e9t\u00e9 <a href=\"https:\/\/www.capiotec.fr\/\" target=\"_blank\" rel=\"noopener noreferrer\">Capiotec<\/a>.<\/p>\n\n\t\t<style type=\"text\/css\">\n\t\t\t#gallery-1 {\n\t\t\t\tmargin: auto;\n\t\t\t}\n\t\t\t#gallery-1 .gallery-item {\n\t\t\t\tfloat: left;\n\t\t\t\tmargin-top: 10px;\n\t\t\t\ttext-align: center;\n\t\t\t\twidth: 33%;\n\t\t\t}\n\t\t\t#gallery-1 img {\n\t\t\t\tborder: 2px solid #cfcfcf;\n\t\t\t}\n\t\t\t#gallery-1 .gallery-caption {\n\t\t\t\tmargin-left: 0;\n\t\t\t}\n\t\t\t\/* see gallery_shortcode() in wp-includes\/media.php *\/\n\t\t<\/style>\n\t\t<div id='gallery-1' class='gallery galleryid-321 gallery-columns-3 gallery-size-thumbnail'><dl class='gallery-item'>\n\t\t\t<dt class='gallery-icon landscape'>\n\t\t\t\t<a href='https:\/\/movigo.fr\/wp-content\/uploads\/2020\/06\/Movigo_accueil_Tests-e1593272003253.png'><img loading=\"lazy\" decoding=\"async\" width=\"150\" height=\"150\" src=\"https:\/\/movigo.fr\/wp-content\/uploads\/2020\/06\/Movigo_accueil_Tests-150x150.png\" class=\"attachment-thumbnail size-thumbnail\" alt=\"Page d&#039;accueil des tests\" aria-describedby=\"gallery-1-1064\" srcset=\"https:\/\/movigo.fr\/wp-content\/uploads\/2020\/06\/Movigo_accueil_Tests-150x150.png 150w, https:\/\/movigo.fr\/wp-content\/uploads\/2020\/06\/Movigo_accueil_Tests-200x200.png 200w\" sizes=\"auto, (max-width: 150px) 100vw, 150px\" \/><\/a>\n\t\t\t<\/dt>\n\t\t\t\t<dd class='wp-caption-text gallery-caption' id='gallery-1-1064'>\n\t\t\t\tPage d\u2019accueil des tests\n\t\t\t\t<\/dd><\/dl><dl class='gallery-item'>\n\t\t\t<dt class='gallery-icon portrait'>\n\t\t\t\t<a href='https:\/\/movigo.fr\/wp-content\/uploads\/2017\/04\/QCM_exemple_ESD.jpg'><img loading=\"lazy\" decoding=\"async\" width=\"150\" height=\"150\" src=\"https:\/\/movigo.fr\/wp-content\/uploads\/2017\/04\/QCM_exemple_ESD-150x150.jpg\" class=\"attachment-thumbnail size-thumbnail\" alt=\"\" aria-describedby=\"gallery-1-415\" srcset=\"https:\/\/movigo.fr\/wp-content\/uploads\/2017\/04\/QCM_exemple_ESD-150x150.jpg 150w, https:\/\/movigo.fr\/wp-content\/uploads\/2017\/04\/QCM_exemple_ESD-200x200.jpg 200w\" sizes=\"auto, (max-width: 150px) 100vw, 150px\" \/><\/a>\n\t\t\t<\/dt>\n\t\t\t\t<dd class='wp-caption-text gallery-caption' id='gallery-1-415'>\n\t\t\t\tExemple test ESD\n\t\t\t\t<\/dd><\/dl><dl class='gallery-item'>\n\t\t\t<dt class='gallery-icon portrait'>\n\t\t\t\t<a href='https:\/\/movigo.fr\/wp-content\/uploads\/2017\/05\/QCM_exemple_brasage2.jpg'><img loading=\"lazy\" decoding=\"async\" width=\"150\" height=\"150\" src=\"https:\/\/movigo.fr\/wp-content\/uploads\/2017\/05\/QCM_exemple_brasage2-150x150.jpg\" class=\"attachment-thumbnail size-thumbnail\" alt=\"\" aria-describedby=\"gallery-1-573\" srcset=\"https:\/\/movigo.fr\/wp-content\/uploads\/2017\/05\/QCM_exemple_brasage2-150x150.jpg 150w, https:\/\/movigo.fr\/wp-content\/uploads\/2017\/05\/QCM_exemple_brasage2-200x200.jpg 200w\" sizes=\"auto, (max-width: 150px) 100vw, 150px\" \/><\/a>\n\t\t\t<\/dt>\n\t\t\t\t<dd class='wp-caption-text gallery-caption' id='gallery-1-573'>\n\t\t\t\tExemple test brasage\n\t\t\t\t<\/dd><\/dl><br style=\"clear: both\" \/>\n\t\t<\/div>\n\n<h1><span style=\"color: #212492;\">Formations \u00e0 distance<\/span><\/h1>\n<p><a href=\"https:\/\/movigo.fr\/wp-content\/uploads\/2020\/06\/video-call-5155662.png\"><img loading=\"lazy\" decoding=\"async\" class=\"aligncenter wp-image-1044 size-medium\" src=\"https:\/\/movigo.fr\/wp-content\/uploads\/2020\/06\/video-call-5155662-300x219.png\" alt=\"Formation \u00e0 distance - FOAD- Distanciel\" width=\"300\" height=\"219\" srcset=\"https:\/\/movigo.fr\/wp-content\/uploads\/2020\/06\/video-call-5155662-300x219.png 300w, https:\/\/movigo.fr\/wp-content\/uploads\/2020\/06\/video-call-5155662-1024x749.png 1024w, https:\/\/movigo.fr\/wp-content\/uploads\/2020\/06\/video-call-5155662-768x562.png 768w, https:\/\/movigo.fr\/wp-content\/uploads\/2020\/06\/video-call-5155662-1536x1123.png 1536w, https:\/\/movigo.fr\/wp-content\/uploads\/2020\/06\/video-call-5155662.png 1920w\" sizes=\"auto, (max-width: 300px) 100vw, 300px\" \/><\/a><\/p>\n<p>Nous avons adapt\u00e9 quelques unes de nos formations pour un apprentissage \u00e0 distance. Nous utilisons l&rsquo;outil Zoom\u00ae, et les tests sont accessibles sur le Web.<\/p>\n","protected":false},"excerpt":{"rendered":"<p>Personnalisation Nos formations sont personnalis\u00e9es en fonction de vos attentes (dur\u00e9e et contenu) et de vos contraintes. Pour cela, nous organisons avec vous un entretien t\u00e9l\u00e9phonique ou une visite sur place pour d\u00e9finir le contenu de la formation, voir les outils que vous utilisez (brasage manuel), voir les produits que vous r\u00e9alisez et les conditions <a class=\"more-link\" href=\"https:\/\/movigo.fr\/index.php\/formations\/pedagogie\/\">Lire plus &#8230;<\/a><\/p>\n","protected":false},"author":1,"featured_media":0,"parent":71,"menu_order":0,"comment_status":"closed","ping_status":"closed","template":"","meta":{"_monsterinsights_skip_tracking":false,"_monsterinsights_sitenote_active":false,"_monsterinsights_sitenote_note":"","_monsterinsights_sitenote_category":0,"footnotes":""},"class_list":["post-321","page","type-page","status-publish","hentry"],"aioseo_notices":[],"_links":{"self":[{"href":"https:\/\/movigo.fr\/index.php\/wp-json\/wp\/v2\/pages\/321","targetHints":{"allow":["GET"]}}],"collection":[{"href":"https:\/\/movigo.fr\/index.php\/wp-json\/wp\/v2\/pages"}],"about":[{"href":"https:\/\/movigo.fr\/index.php\/wp-json\/wp\/v2\/types\/page"}],"author":[{"embeddable":true,"href":"https:\/\/movigo.fr\/index.php\/wp-json\/wp\/v2\/users\/1"}],"replies":[{"embeddable":true,"href":"https:\/\/movigo.fr\/index.php\/wp-json\/wp\/v2\/comments?post=321"}],"version-history":[{"count":23,"href":"https:\/\/movigo.fr\/index.php\/wp-json\/wp\/v2\/pages\/321\/revisions"}],"predecessor-version":[{"id":1104,"href":"https:\/\/movigo.fr\/index.php\/wp-json\/wp\/v2\/pages\/321\/revisions\/1104"}],"up":[{"embeddable":true,"href":"https:\/\/movigo.fr\/index.php\/wp-json\/wp\/v2\/pages\/71"}],"wp:attachment":[{"href":"https:\/\/movigo.fr\/index.php\/wp-json\/wp\/v2\/media?parent=321"}],"curies":[{"name":"wp","href":"https:\/\/api.w.org\/{rel}","templated":true}]}}