{"id":315,"date":"2017-04-29T15:45:37","date_gmt":"2017-04-29T13:45:37","guid":{"rendered":"http:\/\/movigo.fr\/?page_id=315"},"modified":"2022-11-01T15:11:01","modified_gmt":"2022-11-01T14:11:01","slug":"bienvenue","status":"publish","type":"page","link":"https:\/\/movigo.fr\/","title":{"rendered":"Notre m\u00e9tier"},"content":{"rendered":"<p>Movigo by Cepelec est une soci\u00e9t\u00e9 de services en \u00e9lectronique sp\u00e9cialis\u00e9e dans 2 domaines :<\/p>\n<ul>\n<li>La pr\u00e9vention et la ma\u00eetrise des d\u00e9charges \u00e9lectrostatiques (ESD)<\/li>\n<li>Le brasage manuel<\/li>\n<\/ul>\n<p>Pour cela, nous sommes focalis\u00e9s sur 2 familles de normes<\/p>\n\n<table id=\"tablepress-4\" class=\"tablepress tablepress-id-4\">\n<tbody class=\"row-striping row-hover\">\n<tr class=\"row-1\">\n\t<td class=\"column-1\">- Les normes du domaine \"\u00e9lectrostatique\" <a href=\"http:\/\/www.iec.ch\/\" target=\"_blank\">IEC<\/a> , <a href=\"https:\/\/www.boutique.afnor.org\/normes\" rel=\"noopener\" target=\"_blank\">afnor normalisation<\/a> de la s\u00e9rie 61340 IEC NF EN 61340-5-1\/5-2 et compl\u00e9mentaires <\/td><td class=\"column-2\"><img loading=\"lazy\" decoding=\"async\" src=\"http:\/\/movigo.fr\/wp-content\/uploads\/2018\/04\/IEC_Logo_web.jpg\" alt=\"\" width=\"80\" height=\"80\" class=\"alignright size-full wp-image-898\" \/><br \/>\n<img loading=\"lazy\" decoding=\"async\" src=\"http:\/\/movigo.fr\/wp-content\/uploads\/2018\/04\/afnor_web.jpg\" alt=\"\" width=\"222\" height=\"80\" class=\"alignright size-full wp-image-897\" \/><\/td>\n<\/tr>\n<tr class=\"row-2\">\n\t<td class=\"column-1\">- Les normes <a href=\"http:\/\/www.ipc.org\/\" target=\"_blank\">IPC <\/a>notamment IPC-A-610, IPC\/WHMA-A-620, et IPC7711\/7721  <\/td><td class=\"column-2\"><img loading=\"lazy\" decoding=\"async\" src=\"http:\/\/movigo.fr\/wp-content\/uploads\/2018\/04\/IPC_logo_web.jpg\" alt=\"\" width=\"116\" height=\"80\" class=\"alignright size-full wp-image-901\" \/><\/td>\n<\/tr>\n<\/tbody>\n<\/table>\n<!-- #tablepress-4 from cache -->\n<p>Nous vous proposons une approche globale, et modulable.<\/p>\n<p><img loading=\"lazy\" decoding=\"async\" class=\"aligncenter wp-image-1059 size-large\" src=\"https:\/\/movigo.fr\/wp-content\/uploads\/2020\/06\/approche_movigo-1024x409.png\" alt=\"Approche Movigo\" width=\"780\" height=\"312\" srcset=\"https:\/\/movigo.fr\/wp-content\/uploads\/2020\/06\/approche_movigo-1024x409.png 1024w, https:\/\/movigo.fr\/wp-content\/uploads\/2020\/06\/approche_movigo-300x120.png 300w, https:\/\/movigo.fr\/wp-content\/uploads\/2020\/06\/approche_movigo-768x306.png 768w, https:\/\/movigo.fr\/wp-content\/uploads\/2020\/06\/approche_movigo.png 1456w\" sizes=\"auto, (max-width: 780px) 100vw, 780px\" \/><\/p>\n<p>Nos objectifs sont de vous transmettre nos connaissances, de partager notre exp\u00e9rience, de d\u00e9velopper les comp\u00e9tences de vos collaborateurs et la qualit\u00e9 de vos produits.<\/p>\n<p>Vous souhaitez plus d\u2019informations, laissez-nous un message dans notre page <a href=\"http:\/\/movigo.fr\/index.php\/contact\/\" target=\"_blank\" rel=\"noopener noreferrer\">contact<\/a>.<\/p>\n<p>Movigo By Cepelec est un organisme de formation enregistr\u00e9 sous le num\u00e9ro 82380359938, et r\u00e9f\u00e9renc\u00e9 Datadock.<\/p>\n<p><img loading=\"lazy\" decoding=\"async\" class=\"alignnone wp-image-915 size-thumbnail\" src=\"http:\/\/movigo.fr\/wp-content\/uploads\/2018\/05\/Picto_datadocke-150x150.jpg\" alt=\"\" width=\"150\" height=\"150\" srcset=\"https:\/\/movigo.fr\/wp-content\/uploads\/2018\/05\/Picto_datadocke-150x150.jpg 150w, https:\/\/movigo.fr\/wp-content\/uploads\/2018\/05\/Picto_datadocke-200x200.jpg 200w\" sizes=\"auto, (max-width: 150px) 100vw, 150px\" \/><\/p>\n","protected":false},"excerpt":{"rendered":"<p>Movigo by Cepelec est une soci\u00e9t\u00e9 de services en \u00e9lectronique sp\u00e9cialis\u00e9e dans 2 domaines : La pr\u00e9vention et la ma\u00eetrise des d\u00e9charges \u00e9lectrostatiques (ESD) Le brasage manuel Pour cela, nous sommes focalis\u00e9s sur 2 familles de normes Nous vous proposons une approche globale, et modulable. Nos objectifs sont de vous transmettre nos connaissances, de partager <a class=\"more-link\" href=\"https:\/\/movigo.fr\/\">Lire plus &#8230;<\/a><\/p>\n","protected":false},"author":1,"featured_media":0,"parent":0,"menu_order":1,"comment_status":"closed","ping_status":"closed","template":"","meta":{"_monsterinsights_skip_tracking":false,"_monsterinsights_sitenote_active":false,"_monsterinsights_sitenote_note":"","_monsterinsights_sitenote_category":0,"footnotes":""},"class_list":["post-315","page","type-page","status-publish","hentry"],"aioseo_notices":[],"_links":{"self":[{"href":"https:\/\/movigo.fr\/index.php\/wp-json\/wp\/v2\/pages\/315","targetHints":{"allow":["GET"]}}],"collection":[{"href":"https:\/\/movigo.fr\/index.php\/wp-json\/wp\/v2\/pages"}],"about":[{"href":"https:\/\/movigo.fr\/index.php\/wp-json\/wp\/v2\/types\/page"}],"author":[{"embeddable":true,"href":"https:\/\/movigo.fr\/index.php\/wp-json\/wp\/v2\/users\/1"}],"replies":[{"embeddable":true,"href":"https:\/\/movigo.fr\/index.php\/wp-json\/wp\/v2\/comments?post=315"}],"version-history":[{"count":36,"href":"https:\/\/movigo.fr\/index.php\/wp-json\/wp\/v2\/pages\/315\/revisions"}],"predecessor-version":[{"id":1175,"href":"https:\/\/movigo.fr\/index.php\/wp-json\/wp\/v2\/pages\/315\/revisions\/1175"}],"wp:attachment":[{"href":"https:\/\/movigo.fr\/index.php\/wp-json\/wp\/v2\/media?parent=315"}],"curies":[{"name":"wp","href":"https:\/\/api.w.org\/{rel}","templated":true}]}}