{"id":241,"date":"2017-04-22T18:36:17","date_gmt":"2017-04-22T16:36:17","guid":{"rendered":"http:\/\/movigo.fr\/?page_id=241"},"modified":"2022-11-01T15:08:15","modified_gmt":"2022-11-01T14:08:15","slug":"mentions-legales","status":"publish","type":"page","link":"https:\/\/movigo.fr\/index.php\/mentions-legales\/","title":{"rendered":"Mentions l\u00e9gales"},"content":{"rendered":"<h1 id=\"menu\"><span style=\"color: #212492;\"><strong>Conditions d\u2019utilisation du site<\/strong><\/span><\/h1>\n<div id=\"content\">L\u2019utilisation du pr\u00e9sent site Internet emporte acceptation des conditions d\u2019utilisation ci-dessous ainsi que des termes plus sp\u00e9cifiques qui peuvent se trouver sous certaines rubriques du site, tel que mis \u00e0 jour de temps \u00e0 autre. Si vous n\u2019acceptez pas ces conditions,\u00a0vous \u00eates pri\u00e9 de cesser l\u2019utilisation du pr\u00e9sent site.<br \/>\nSauf mention expresse, le pr\u00e9sent site Internet, son contenu et son nom de domaine sont la propri\u00e9t\u00e9 exclusive de la soci\u00e9t\u00e9 Cepelec :<\/div>\n<div>\n<ul>\n<li>Si\u00e8ge social : Cepelec<\/li>\n<li>Statut ou forme juridique : <span id=\"fiche.forme.juridique\" class=\"texte-standard\">Soci\u00e9t\u00e9 \u00e0 actions simplifi\u00e9es<\/span><\/li>\n<li>Capital social : 32.000 \u20ac<\/li>\n<li>N\u00b0 d&rsquo;identification : 418 371 555 R.C.S. GRENOBLE<\/li>\n<li>Lieu d&rsquo;enregistrement : Greffe du Tribunal de Grenoble<\/li>\n<\/ul>\n<h1><span style=\"color: #212492;\"><strong>Direction de publication<\/strong><\/span><\/h1>\n<p>H\u00e9bergement : OVH &#8211; 2, rue Kellermann &#8211; 59100 ROUBAIX<br \/>\nR\u00e9alisation : Cepelec &#8211; 14, rue des Platanes &#8211; 38120 Saint-Egr\u00e8ve<\/p>\n<h1><span style=\"color: #212492;\"><strong>Propri\u00e9t\u00e9<\/strong><\/span><\/h1>\n<div class=\"publication white\">\n<div class=\"richText\">Ce site et son contenu sont prot\u00e9g\u00e9s, au sens du Code de la propri\u00e9t\u00e9 intellectuelle fran\u00e7ais, notamment par le droit d&rsquo;auteur, le droit des dessins et mod\u00e8les et le droit des marques. Sauf pour un usage personnel et priv\u00e9 au sens de ce Code, il est interdit d\u2019utiliser, de reproduire int\u00e9gralement ou partiellement, sur quelque support que ce soit, le pr\u00e9sent site ou son contenu, sans l\u2019autorisation pr\u00e9alable \u00e9crite de Cepelec. De la m\u00eame mani\u00e8re, il est interdit de tirer des liens vers ce site ou son contenu. Au titre de cet usage personnel et priv\u00e9, Cepelec ne conc\u00e8de aucun droit ou licence en rapport avec ce site et son contenu, autre qu\u2019une licence non exclusive de consulter le pr\u00e9sent site en l\u2019\u00e9tat et \u00e0 vos risques. Tous les autres droits sont r\u00e9serv\u00e9s.<\/div>\n<div class=\"richText\">\n<p>Toutes les marques et logos cit\u00e9s sont la propri\u00e9t\u00e9 de leurs d\u00e9positaires respectifs.<br \/>\nCr\u00e9dit photographique : Shutterstock\u00a0\u2013 <a href=\"https:\/\/www.shutterstock.com\/\" target=\"_blank\" rel=\"noopener noreferrer\">www.shutterstock.com<\/a>\u00a0\u2013 tous droits r\u00e9serv\u00e9s.<br \/>\nTechnologie utilis\u00e9e\u00a0: WordPress\u00a0&#8211; <a href=\"http:\/\/www.wordpress-fr.net\/\" target=\"_blank\" rel=\"noopener noreferrer\">www.wordpress-fr.net\/<\/a><\/p>\n<\/div>\n<div class=\"richText\">\n<h1><span style=\"color: #212492;\"><strong>Mise \u00e0 jour des informations<\/strong><\/span><\/h1>\n<\/div>\n<div class=\"publication white\">\n<div class=\"richText\">\n<ul>\n<li>Bien que Cepelec prenne des moyens raisonnables pour que le pr\u00e9sent site soit normalement accessible en permanence et que les informations qu\u2019il contient soient mises \u00e0 jour, il est possible :<br \/>\n&#8211; que des difficult\u00e9s techniques ou des imp\u00e9ratifs de maintenance corrective ou \u00e9volutive suspendent, suppriment ou rendent difficile l\u2019acc\u00e8s au pr\u00e9sent site ;<br \/>\n&#8211; que des erreurs, omissions ou impr\u00e9cisions se soient gliss\u00e9es et en cons\u00e9quence aucune garantie n\u2019est donn\u00e9e, ni d\u00e9claration faite, quant \u00e0 l\u2019exactitude de son contenu.<\/li>\n<li>Le contenu du pr\u00e9sent site Internet et des sites accessibles par les liens qui peuvent s\u2019y trouver sont susceptibles de correction, modification et d&rsquo;\u00e9volution sans pr\u00e9avis.<\/li>\n<li>Cepelec ne garantit pas que le pr\u00e9sent site ou son acc\u00e8s soit s\u00e9curis\u00e9, ni que le pr\u00e9sent site soit libre de virus ou autre anomalie pouvant entra\u00eener des dommages ou des pertes de donn\u00e9es, dont seul vous pouvez vous pr\u00e9munir.<\/li>\n<li>Cepelec ne sera en aucun cas responsable pour quelque dommage que ce soit en rapport avec l\u2019utilisation ou l\u2019impossibilit\u00e9 d\u2019utiliser le pr\u00e9sent site.<\/li>\n<\/ul>\n<h1><span style=\"color: #212492;\"><strong>Utilisation de Google Analytics<\/strong><\/span><\/h1>\n<\/div>\n<\/div>\n<p>Ce site utilise Google Analytics, un service d&rsquo;analyse de site internet fourni par Google Inc. (\u00ab Google \u00bb). Google Analytics utilise des cookies, qui sont des fichiers texte plac\u00e9s sur votre ordinateur, pour aider le site internet \u00e0 analyser l&rsquo;utilisation du site par ses utilisateurs. Les donn\u00e9es g\u00e9n\u00e9r\u00e9es par les cookies concernant votre utilisation du site (y compris votre adresse IP) seront transmises et stock\u00e9es par Google sur des serveurs situ\u00e9s aux Etats-Unis. Google utilisera cette information dans le but d&rsquo;\u00e9valuer votre utilisation du site, de compiler des rapports sur l&rsquo;activit\u00e9 du site \u00e0 destination de son \u00e9diteur et de fournir d&rsquo;autres services relatifs \u00e0 l&rsquo;activit\u00e9 du site et \u00e0 l&rsquo;utilisation d&rsquo;Internet. Google est susceptible de communiquer ces donn\u00e9es \u00e0 des tiers en cas d&rsquo;obligation l\u00e9gale ou lorsque ces tiers traitent ces donn\u00e9es pour le compte de Google, y compris notamment l&rsquo;\u00e9diteur de ce site. Google ne recoupera pas votre adresse IP avec toute autre donn\u00e9e d\u00e9tenue par Google. Vous pouvez d\u00e9sactiver l&rsquo;utilisation de cookies en s\u00e9lectionnant les param\u00e8tres appropri\u00e9s de votre navigateur. Cependant, une telle d\u00e9sactivation pourrait emp\u00eacher l&rsquo;utilisation de certaines fonctionnalit\u00e9s de ce site. En utilisant ce site internet, vous consentez express\u00e9ment au traitement de vos donn\u00e9es nominatives par Google dans les conditions et pour les finalit\u00e9s d\u00e9crites ci-dessus.<\/p>\n<\/div>\n<\/div>\n","protected":false},"excerpt":{"rendered":"<p>Conditions d\u2019utilisation du site L\u2019utilisation du pr\u00e9sent site Internet emporte acceptation des conditions d\u2019utilisation ci-dessous ainsi que des termes plus sp\u00e9cifiques qui peuvent se trouver sous certaines rubriques du site, tel que mis \u00e0 jour de temps \u00e0 autre. Si vous n\u2019acceptez pas ces conditions,\u00a0vous \u00eates pri\u00e9 de cesser l\u2019utilisation du pr\u00e9sent site. Sauf mention <a class=\"more-link\" href=\"https:\/\/movigo.fr\/index.php\/mentions-legales\/\">Lire plus &#8230;<\/a><\/p>\n","protected":false},"author":1,"featured_media":0,"parent":0,"menu_order":10,"comment_status":"closed","ping_status":"closed","template":"","meta":{"_monsterinsights_skip_tracking":false,"_monsterinsights_sitenote_active":false,"_monsterinsights_sitenote_note":"","_monsterinsights_sitenote_category":0,"footnotes":""},"class_list":["post-241","page","type-page","status-publish","hentry"],"aioseo_notices":[],"_links":{"self":[{"href":"https:\/\/movigo.fr\/index.php\/wp-json\/wp\/v2\/pages\/241","targetHints":{"allow":["GET"]}}],"collection":[{"href":"https:\/\/movigo.fr\/index.php\/wp-json\/wp\/v2\/pages"}],"about":[{"href":"https:\/\/movigo.fr\/index.php\/wp-json\/wp\/v2\/types\/page"}],"author":[{"embeddable":true,"href":"https:\/\/movigo.fr\/index.php\/wp-json\/wp\/v2\/users\/1"}],"replies":[{"embeddable":true,"href":"https:\/\/movigo.fr\/index.php\/wp-json\/wp\/v2\/comments?post=241"}],"version-history":[{"count":14,"href":"https:\/\/movigo.fr\/index.php\/wp-json\/wp\/v2\/pages\/241\/revisions"}],"predecessor-version":[{"id":1171,"href":"https:\/\/movigo.fr\/index.php\/wp-json\/wp\/v2\/pages\/241\/revisions\/1171"}],"wp:attachment":[{"href":"https:\/\/movigo.fr\/index.php\/wp-json\/wp\/v2\/media?parent=241"}],"curies":[{"name":"wp","href":"https:\/\/api.w.org\/{rel}","templated":true}]}}