{"id":2,"date":"2016-11-01T16:01:48","date_gmt":"2016-11-01T15:01:48","guid":{"rendered":"http:\/\/movigo.fr\/?page_id=2"},"modified":"2022-11-01T15:03:48","modified_gmt":"2022-11-01T14:03:48","slug":"movigo","status":"publish","type":"page","link":"https:\/\/movigo.fr\/index.php\/movigo\/","title":{"rendered":"Movigo"},"content":{"rendered":"<blockquote><p>Movigo a \u00e9t\u00e9 cr\u00e9\u00e9e en juin 2015 et b\u00e9n\u00e9ficie de plus de 25 d&rsquo;exp\u00e9rience de son cr\u00e9ateur Pascal LAS.<br \/>\nMovigo fait partie de Cepelec depuis juillet 2021.<\/p><\/blockquote>\n<p>Pascal LAS<br \/>\nAuditeur &#8211; Formateur<br \/>\nMembre expert\u00a0de la commission de normalisation AFNOR\/UF 101 \u00ab \u00c9lectrostatique \u00bb, miroir du comit\u00e9 technique international IEC\/TC 101 \u00abElectrostatics\u00bb.<br \/>\nMembre expert de plusieurs groupes de travail de la commission de normalisation IEC\/TC101 \u00ab Electrostatics \u00bb<br \/>\nMembre des comit\u00e9s europ\u00e9ens de l&rsquo;IPC<\/p>\n\n\t\t<style type=\"text\/css\">\n\t\t\t#gallery-1 {\n\t\t\t\tmargin: auto;\n\t\t\t}\n\t\t\t#gallery-1 .gallery-item {\n\t\t\t\tfloat: left;\n\t\t\t\tmargin-top: 10px;\n\t\t\t\ttext-align: center;\n\t\t\t\twidth: 33%;\n\t\t\t}\n\t\t\t#gallery-1 img {\n\t\t\t\tborder: 2px solid #cfcfcf;\n\t\t\t}\n\t\t\t#gallery-1 .gallery-caption {\n\t\t\t\tmargin-left: 0;\n\t\t\t}\n\t\t\t\/* see gallery_shortcode() in wp-includes\/media.php *\/\n\t\t<\/style>\n\t\t<div id='gallery-1' class='gallery galleryid-2 gallery-columns-3 gallery-size-medium'><dl class='gallery-item'>\n\t\t\t<dt class='gallery-icon landscape'>\n\t\t\t\t<img loading=\"lazy\" decoding=\"async\" width=\"300\" height=\"145\" src=\"https:\/\/movigo.fr\/wp-content\/uploads\/2017\/05\/IPC_logo_610certTr_2c-300x145.jpg\" class=\"attachment-medium size-medium\" alt=\"\" srcset=\"https:\/\/movigo.fr\/wp-content\/uploads\/2017\/05\/IPC_logo_610certTr_2c-300x145.jpg 300w, https:\/\/movigo.fr\/wp-content\/uploads\/2017\/05\/IPC_logo_610certTr_2c.jpg 600w\" sizes=\"auto, (max-width: 300px) 100vw, 300px\" \/>\n\t\t\t<\/dt><\/dl><dl class='gallery-item'>\n\t\t\t<dt class='gallery-icon landscape'>\n\t\t\t\t<img loading=\"lazy\" decoding=\"async\" width=\"300\" height=\"124\" src=\"https:\/\/movigo.fr\/wp-content\/uploads\/2018\/04\/afnor-300x124.jpg\" class=\"attachment-medium size-medium\" alt=\"\" srcset=\"https:\/\/movigo.fr\/wp-content\/uploads\/2018\/04\/afnor-300x124.jpg 300w, https:\/\/movigo.fr\/wp-content\/uploads\/2018\/04\/afnor-768x318.jpg 768w, https:\/\/movigo.fr\/wp-content\/uploads\/2018\/04\/afnor-e1522661083384.jpg 10w\" sizes=\"auto, (max-width: 300px) 100vw, 300px\" \/>\n\t\t\t<\/dt><\/dl><dl class='gallery-item'>\n\t\t\t<dt class='gallery-icon landscape'>\n\t\t\t\t<img loading=\"lazy\" decoding=\"async\" width=\"80\" height=\"80\" src=\"https:\/\/movigo.fr\/wp-content\/uploads\/2018\/04\/IEC_Logo_web-e1593163488868.jpg\" class=\"attachment-medium size-medium\" alt=\"IEC\" \/>\n\t\t\t<\/dt><\/dl><br style=\"clear: both\" \/>\n\t\t<\/div>\n\n<h1><\/h1>\n<h1><span style=\"color: #212492;\"><strong>Nos valeurs<\/strong><\/span><\/h1>\n<p><img loading=\"lazy\" decoding=\"async\" class=\"aligncenter wp-image-54\" src=\"http:\/\/movigo.fr\/wp-content\/uploads\/2016\/11\/Valeurs_Movigo-283x300.png\" alt=\"valeurs_movigo\" width=\"485\" height=\"514\" srcset=\"https:\/\/movigo.fr\/wp-content\/uploads\/2016\/11\/Valeurs_Movigo-283x300.png 283w, https:\/\/movigo.fr\/wp-content\/uploads\/2016\/11\/Valeurs_Movigo-768x815.png 768w, https:\/\/movigo.fr\/wp-content\/uploads\/2016\/11\/Valeurs_Movigo-965x1024.png 965w, https:\/\/movigo.fr\/wp-content\/uploads\/2016\/11\/Valeurs_Movigo-300x318.png 300w, https:\/\/movigo.fr\/wp-content\/uploads\/2016\/11\/Valeurs_Movigo.png 1501w\" sizes=\"auto, (max-width: 485px) 100vw, 485px\" \/><\/p>\n","protected":false},"excerpt":{"rendered":"<p>Movigo a \u00e9t\u00e9 cr\u00e9\u00e9e en juin 2015 et b\u00e9n\u00e9ficie de plus de 25 d&rsquo;exp\u00e9rience de son cr\u00e9ateur Pascal LAS. Movigo fait partie de Cepelec depuis juillet 2021. Pascal LAS Auditeur &#8211; Formateur Membre expert\u00a0de la commission de normalisation AFNOR\/UF 101 \u00ab \u00c9lectrostatique \u00bb, miroir du comit\u00e9 technique international IEC\/TC 101 \u00abElectrostatics\u00bb. Membre expert de plusieurs <a class=\"more-link\" href=\"https:\/\/movigo.fr\/index.php\/movigo\/\">Lire plus &#8230;<\/a><\/p>\n","protected":false},"author":1,"featured_media":0,"parent":0,"menu_order":7,"comment_status":"closed","ping_status":"closed","template":"","meta":{"_monsterinsights_skip_tracking":false,"_monsterinsights_sitenote_active":false,"_monsterinsights_sitenote_note":"","_monsterinsights_sitenote_category":0,"footnotes":""},"class_list":["post-2","page","type-page","status-publish","hentry"],"aioseo_notices":[],"_links":{"self":[{"href":"https:\/\/movigo.fr\/index.php\/wp-json\/wp\/v2\/pages\/2","targetHints":{"allow":["GET"]}}],"collection":[{"href":"https:\/\/movigo.fr\/index.php\/wp-json\/wp\/v2\/pages"}],"about":[{"href":"https:\/\/movigo.fr\/index.php\/wp-json\/wp\/v2\/types\/page"}],"author":[{"embeddable":true,"href":"https:\/\/movigo.fr\/index.php\/wp-json\/wp\/v2\/users\/1"}],"replies":[{"embeddable":true,"href":"https:\/\/movigo.fr\/index.php\/wp-json\/wp\/v2\/comments?post=2"}],"version-history":[{"count":47,"href":"https:\/\/movigo.fr\/index.php\/wp-json\/wp\/v2\/pages\/2\/revisions"}],"predecessor-version":[{"id":1168,"href":"https:\/\/movigo.fr\/index.php\/wp-json\/wp\/v2\/pages\/2\/revisions\/1168"}],"wp:attachment":[{"href":"https:\/\/movigo.fr\/index.php\/wp-json\/wp\/v2\/media?parent=2"}],"curies":[{"name":"wp","href":"https:\/\/api.w.org\/{rel}","templated":true}]}}