{"id":152,"date":"2017-03-22T15:34:13","date_gmt":"2017-03-22T14:34:13","guid":{"rendered":"http:\/\/movigo.fr\/?page_id=152"},"modified":"2022-11-01T15:18:22","modified_gmt":"2022-11-01T14:18:22","slug":"audit","status":"publish","type":"page","link":"https:\/\/movigo.fr\/index.php\/audit\/","title":{"rendered":"Audit ESD"},"content":{"rendered":"<p><a href=\"https:\/\/movigo.fr\/wp-content\/uploads\/2020\/06\/etincelles2.jpeg\"><img loading=\"lazy\" decoding=\"async\" class=\"aligncenter size-full wp-image-1080\" src=\"https:\/\/movigo.fr\/wp-content\/uploads\/2020\/06\/etincelles2.jpeg\" alt=\"Etincelles\" width=\"767\" height=\"410\" srcset=\"https:\/\/movigo.fr\/wp-content\/uploads\/2020\/06\/etincelles2.jpeg 767w, https:\/\/movigo.fr\/wp-content\/uploads\/2020\/06\/etincelles2-300x160.jpeg 300w\" sizes=\"auto, (max-width: 767px) 100vw, 767px\" \/><\/a><\/p>\n<p>Vous pouvez trouver beaucoup d&rsquo;informations sur Internet sur le sujet des risques li\u00e9s aux d\u00e9charges \u00e9lectrostatiques dans l&rsquo;\u00e9lectronique, mais elles souvent contradictoires. Vous n&rsquo;avez pas forc\u00e9ment le temps de vous plonger dans les normes. Nous, c&rsquo;est notre m\u00e9tier.<\/p>\n<p>Nous nous appuyons sur les normes internationales IEC de la s\u00e9rie 61340 pour vous apporter des r\u00e9ponses et vous aider \u00e0 contr\u00f4ler ces risques.<\/p>\n<h1><span style=\"color: #212492;\">Nous r\u00e9alisons pour vous des audits \u00ab\u00a0ESD\u00a0\u00bb<\/span><\/h1>\n<ul>\n<li>Audit sur l&rsquo;ensemble de l&rsquo;activit\u00e9 de votre entreprise<\/li>\n<li>Analyse des \u00e9carts par rapport \u00e0 la norme IEC 61340-5-1\/5-2<\/li>\n<li>Nous vous fournissons un rapport d\u00e9taill\u00e9 avec photos, incluant des pr\u00e9conisations (le strict n\u00e9cessaire) et priorit\u00e9s de mise en place<\/li>\n<li>Nous sommes ind\u00e9pendants de tout fabricant ; nos recommandations sont objectives<\/li>\n<\/ul>\n<p>Un audit porte sur les points suivants\u00a0:<\/p>\n<ul>\n<li>Signalisation des zones<\/li>\n<li>Postes de travail\u00a0et \u00e9l\u00e9ments de stockage<\/li>\n<li>Sols (r\u00e9sistance de surface et r\u00e9sistance \u00e0 la terre)<\/li>\n<li>Si\u00e8ges<\/li>\n<li>Equipements des op\u00e9rateurs<\/li>\n<li>Outillages et machines<\/li>\n<li>Stockage et manutentions<\/li>\n<li>Champs \u00e9lectrostatiques g\u00e9n\u00e9r\u00e9s par les isolants<\/li>\n<li>Instruments de contr\u00f4le de l&rsquo;ESD<\/li>\n<li>Proc\u00e9dures et pratiques de travail<\/li>\n<li>Analyse du document de Pr\u00e9vention et de Ma\u00eetrise des risques dus aux ESD<\/li>\n<li>Identification des risques ESD selon les mod\u00e8les CDM et HBM, et des diff\u00e9rences de potentiel sur les conducteurs isol\u00e9s<\/li>\n<\/ul>\n<p>Nous utilisons des appareils de mesure conformes aux normes IEC en vigueur :<\/p>\n<ul>\n<li>Tera-ohmm\u00e8tre avec mesures de la temp\u00e9rature et de l&rsquo;humidit\u00e9 relative<\/li>\n<li>Champm\u00e8tre + kit de contr\u00f4le des ioniseurs<\/li>\n<li>R\u00e9sistivim\u00e8tre<\/li>\n<li>Station de \u00ab\u00a0Test du marcheur\u00a0\u00bb<\/li>\n<li>Compteur d\u2019\u00e9v\u00e9nements selon les risques HBM et CDM<\/li>\n<\/ul>\n\n\t\t<style type=\"text\/css\">\n\t\t\t#gallery-1 {\n\t\t\t\tmargin: auto;\n\t\t\t}\n\t\t\t#gallery-1 .gallery-item {\n\t\t\t\tfloat: left;\n\t\t\t\tmargin-top: 10px;\n\t\t\t\ttext-align: center;\n\t\t\t\twidth: 25%;\n\t\t\t}\n\t\t\t#gallery-1 img {\n\t\t\t\tborder: 2px solid #cfcfcf;\n\t\t\t}\n\t\t\t#gallery-1 .gallery-caption {\n\t\t\t\tmargin-left: 0;\n\t\t\t}\n\t\t\t\/* see gallery_shortcode() in wp-includes\/media.php *\/\n\t\t<\/style>\n\t\t<div id='gallery-1' class='gallery galleryid-152 gallery-columns-4 gallery-size-medium'><dl class='gallery-item'>\n\t\t\t<dt class='gallery-icon portrait'>\n\t\t\t\t<a href='https:\/\/movigo.fr\/wp-content\/uploads\/2020\/06\/synthese_auditESD.png'><img loading=\"lazy\" decoding=\"async\" width=\"212\" height=\"300\" src=\"https:\/\/movigo.fr\/wp-content\/uploads\/2020\/06\/synthese_auditESD-212x300.png\" class=\"attachment-medium size-medium\" alt=\"\" aria-describedby=\"gallery-1-1035\" srcset=\"https:\/\/movigo.fr\/wp-content\/uploads\/2020\/06\/synthese_auditESD-212x300.png 212w, https:\/\/movigo.fr\/wp-content\/uploads\/2020\/06\/synthese_auditESD.png 644w\" sizes=\"auto, (max-width: 212px) 100vw, 212px\" \/><\/a>\n\t\t\t<\/dt>\n\t\t\t\t<dd class='wp-caption-text gallery-caption' id='gallery-1-1035'>\n\t\t\t\tSynth\u00e8se\n\t\t\t\t<\/dd><\/dl><dl class='gallery-item'>\n\t\t\t<dt class='gallery-icon portrait'>\n\t\t\t\t<a href='https:\/\/movigo.fr\/wp-content\/uploads\/2017\/04\/Audit_ESD_recommandations.jpg'><img loading=\"lazy\" decoding=\"async\" width=\"214\" height=\"300\" src=\"https:\/\/movigo.fr\/wp-content\/uploads\/2017\/04\/Audit_ESD_recommandations-214x300.jpg\" class=\"attachment-medium size-medium\" alt=\"\" aria-describedby=\"gallery-1-357\" srcset=\"https:\/\/movigo.fr\/wp-content\/uploads\/2017\/04\/Audit_ESD_recommandations-214x300.jpg 214w, https:\/\/movigo.fr\/wp-content\/uploads\/2017\/04\/Audit_ESD_recommandations.jpg 651w\" sizes=\"auto, (max-width: 214px) 100vw, 214px\" \/><\/a>\n\t\t\t<\/dt>\n\t\t\t\t<dd class='wp-caption-text gallery-caption' id='gallery-1-357'>\n\t\t\t\tPr\u00e9conisations\n\t\t\t\t<\/dd><\/dl><dl class='gallery-item'>\n\t\t\t<dt class='gallery-icon landscape'>\n\t\t\t\t<a href='https:\/\/movigo.fr\/wp-content\/uploads\/2017\/04\/Mesures_sols.jpg'><img loading=\"lazy\" decoding=\"async\" width=\"300\" height=\"243\" src=\"https:\/\/movigo.fr\/wp-content\/uploads\/2017\/04\/Mesures_sols-300x243.jpg\" class=\"attachment-medium size-medium\" alt=\"\" aria-describedby=\"gallery-1-359\" srcset=\"https:\/\/movigo.fr\/wp-content\/uploads\/2017\/04\/Mesures_sols-300x243.jpg 300w, https:\/\/movigo.fr\/wp-content\/uploads\/2017\/04\/Mesures_sols-768x621.jpg 768w, https:\/\/movigo.fr\/wp-content\/uploads\/2017\/04\/Mesures_sols.jpg 867w\" sizes=\"auto, (max-width: 300px) 100vw, 300px\" \/><\/a>\n\t\t\t<\/dt>\n\t\t\t\t<dd class='wp-caption-text gallery-caption' id='gallery-1-359'>\n\t\t\t\tMesures de sols\n\t\t\t\t<\/dd><\/dl><dl class='gallery-item'>\n\t\t\t<dt class='gallery-icon landscape'>\n\t\t\t\t<a href='https:\/\/movigo.fr\/wp-content\/uploads\/2017\/04\/mesures_equipements.jpg'><img loading=\"lazy\" decoding=\"async\" width=\"300\" height=\"219\" src=\"https:\/\/movigo.fr\/wp-content\/uploads\/2017\/04\/mesures_equipements-300x219.jpg\" class=\"attachment-medium size-medium\" alt=\"\" aria-describedby=\"gallery-1-358\" srcset=\"https:\/\/movigo.fr\/wp-content\/uploads\/2017\/04\/mesures_equipements-300x219.jpg 300w, https:\/\/movigo.fr\/wp-content\/uploads\/2017\/04\/mesures_equipements-768x562.jpg 768w, https:\/\/movigo.fr\/wp-content\/uploads\/2017\/04\/mesures_equipements.jpg 875w\" sizes=\"auto, (max-width: 300px) 100vw, 300px\" \/><\/a>\n\t\t\t<\/dt>\n\t\t\t\t<dd class='wp-caption-text gallery-caption' id='gallery-1-358'>\n\t\t\t\tMesures d&rsquo;\u00e9quipements\n\t\t\t\t<\/dd><\/dl><br style=\"clear: both\" \/>\n\t\t<\/div>\n\n<p>Vous souhaitez plus d\u2019informations, laissez nous un message dans notre page <a href=\"http:\/\/movigo.fr\/index.php\/contact\/\" target=\"_blank\" rel=\"noopener noreferrer\">contact<\/a>.<\/p>\n","protected":false},"excerpt":{"rendered":"<p>Vous pouvez trouver beaucoup d&rsquo;informations sur Internet sur le sujet des risques li\u00e9s aux d\u00e9charges \u00e9lectrostatiques dans l&rsquo;\u00e9lectronique, mais elles souvent contradictoires. Vous n&rsquo;avez pas forc\u00e9ment le temps de vous plonger dans les normes. Nous, c&rsquo;est notre m\u00e9tier. Nous nous appuyons sur les normes internationales IEC de la s\u00e9rie 61340 pour vous apporter des r\u00e9ponses <a class=\"more-link\" href=\"https:\/\/movigo.fr\/index.php\/audit\/\">Lire plus &#8230;<\/a><\/p>\n","protected":false},"author":1,"featured_media":0,"parent":0,"menu_order":4,"comment_status":"closed","ping_status":"closed","template":"","meta":{"_monsterinsights_skip_tracking":false,"_monsterinsights_sitenote_active":false,"_monsterinsights_sitenote_note":"","_monsterinsights_sitenote_category":0,"footnotes":""},"class_list":["post-152","page","type-page","status-publish","hentry"],"aioseo_notices":[],"_links":{"self":[{"href":"https:\/\/movigo.fr\/index.php\/wp-json\/wp\/v2\/pages\/152","targetHints":{"allow":["GET"]}}],"collection":[{"href":"https:\/\/movigo.fr\/index.php\/wp-json\/wp\/v2\/pages"}],"about":[{"href":"https:\/\/movigo.fr\/index.php\/wp-json\/wp\/v2\/types\/page"}],"author":[{"embeddable":true,"href":"https:\/\/movigo.fr\/index.php\/wp-json\/wp\/v2\/users\/1"}],"replies":[{"embeddable":true,"href":"https:\/\/movigo.fr\/index.php\/wp-json\/wp\/v2\/comments?post=152"}],"version-history":[{"count":55,"href":"https:\/\/movigo.fr\/index.php\/wp-json\/wp\/v2\/pages\/152\/revisions"}],"predecessor-version":[{"id":1177,"href":"https:\/\/movigo.fr\/index.php\/wp-json\/wp\/v2\/pages\/152\/revisions\/1177"}],"wp:attachment":[{"href":"https:\/\/movigo.fr\/index.php\/wp-json\/wp\/v2\/media?parent=152"}],"curies":[{"name":"wp","href":"https:\/\/api.w.org\/{rel}","templated":true}]}}